{"id":1573,"date":"2021-12-04T01:42:07","date_gmt":"2021-12-04T01:42:07","guid":{"rendered":"https:\/\/fcatasimacilik.com\/?page_id=1573"},"modified":"2025-02-21T13:17:00","modified_gmt":"2025-02-21T10:17:00","slug":"calistigimizulkeler","status":"publish","type":"page","link":"https:\/\/fcatasimacilik.com\/en\/calistigimizulkeler\/","title":{"rendered":"Countries we work in"},"content":{"rendered":"\t\t<div data-elementor-type=\"wp-page\" data-elementor-id=\"1573\" class=\"elementor elementor-1573\">\n\t\t\t\t\t\t<section class=\"elementor-section elementor-top-section elementor-element elementor-element-c91e6c2 elementor-section-boxed elementor-section-height-default elementor-section-height-default\" data-id=\"c91e6c2\" data-element_type=\"section\" data-e-type=\"section\">\n\t\t\t\t\t\t<div class=\"elementor-container elementor-column-gap-default\">\n\t\t\t\t\t<div class=\"elementor-column elementor-col-100 elementor-top-column elementor-element elementor-element-56ed74f\" data-id=\"56ed74f\" data-element_type=\"column\" data-e-type=\"column\">\n\t\t\t<div class=\"elementor-widget-wrap elementor-element-populated\">\n\t\t\t\t\t\t<div class=\"elementor-element elementor-element-f1109d9 elementor-widget elementor-widget-heading\" data-id=\"f1109d9\" data-element_type=\"widget\" data-e-type=\"widget\" data-widget_type=\"heading.default\">\n\t\t\t\t<div class=\"elementor-widget-container\">\n\t\t\t\t\t<h2 class=\"elementor-heading-title elementor-size-default\">Countries we work in<\/h2>\t\t\t\t<\/div>\n\t\t\t\t<\/div>\n\t\t\t\t\t<\/div>\n\t\t<\/div>\n\t\t\t\t\t<\/div>\n\t\t<\/section>\n\t\t\t\t<section class=\"elementor-section elementor-top-section elementor-element elementor-element-839bac2 elementor-section-boxed elementor-section-height-default elementor-section-height-default\" data-id=\"839bac2\" data-element_type=\"section\" data-e-type=\"section\">\n\t\t\t\t\t\t<div class=\"elementor-container elementor-column-gap-default\">\n\t\t\t\t\t<div class=\"elementor-column elementor-col-25 elementor-top-column elementor-element elementor-element-14a44da\" data-id=\"14a44da\" data-element_type=\"column\" data-e-type=\"column\">\n\t\t\t<div class=\"elementor-widget-wrap elementor-element-populated\">\n\t\t\t\t\t\t<div class=\"elementor-element elementor-element-e09fcde elementor-widget elementor-widget-transflash_elementor_network\" data-id=\"e09fcde\" data-element_type=\"widget\" data-e-type=\"widget\" data-widget_type=\"transflash_elementor_network.default\">\n\t\t\t\t<div class=\"elementor-widget-container\">\n\t\t\t\t\t           \n            <div class=\"ova-network\">\n\t            \n\t            <ul class=\"country-list\">\n\t\t            \t            \t\t<li class=\"country\">\n\t            \t\t\tAlmanya\t            \t\t<\/li>\t\n\t\t            \t            \t\t<li class=\"country\">\n\t            \t\t\tArnavutluk\t            \t\t<\/li>\t\n\t\t            \t            \t\t<li class=\"country\">\n\t            \t\t\tAvusturya\t            \t\t<\/li>\t\n\t\t            \t            \t\t<li class=\"country\">\n\t            \t\t\tBel\u00e7ika\t            \t\t<\/li>\t\n\t\t            \t            \t\t<li class=\"country\">\n\t            \t\t\tBelarus\t            \t\t<\/li>\t\n\t\t            \t            \t\t<li class=\"country\">\n\t            \t\t\tBirle\u015fik Krall\u0131k\t            \t\t<\/li>\t\n\t\t            \t            \t\t<li class=\"country\">\n\t            \t\t\tBosna Hersek\t            \t\t<\/li>\t\n\t\t            \t            \t\t<li class=\"country\">\n\t            \t\t\tBulgaristan\t            \t\t<\/li>\t\n\t\t            \t            \t\t<li class=\"country\">\n\t            \t\t\tAustralia\t            \t\t<\/li>\t\n\t\t            \t            \t\t<li class=\"country\">\n\t            \t\t\t\u00c7ekya\t            \t\t<\/li>\t\n\t\t            \t            \t\t<li class=\"country\">\n\t            \t\t\tAzarbeycan\t            \t\t<\/li>\t\n\t\t            \t            \t\t<li class=\"country\">\n\t            \t\t\tG\u00fcrcistan\t            \t\t<\/li>\t\n\t\t            \t            \t\t<li class=\"country\">\n\t            \t\t\tKazakistan\t            \t\t<\/li>\t\n\t\t            \t            \t\t<li class=\"country\">\n\t            \t\t\tBahreyn\t            \t\t<\/li>\t\n\t\t            \t            \t\t<li class=\"country\">\n\t            \t\t\tAustralia\t            \t\t<\/li>\t\n\t\t            \t            <\/ul>\n\n            <\/div>\n\t\t \t\n\t\t\t\t\t\t<\/div>\n\t\t\t\t<\/div>\n\t\t\t\t\t<\/div>\n\t\t<\/div>\n\t\t\t\t<div class=\"elementor-column elementor-col-25 elementor-top-column elementor-element elementor-element-8478ca2\" data-id=\"8478ca2\" data-element_type=\"column\" data-e-type=\"column\">\n\t\t\t<div class=\"elementor-widget-wrap elementor-element-populated\">\n\t\t\t\t\t\t<div class=\"elementor-element elementor-element-e536328 elementor-widget elementor-widget-transflash_elementor_network\" data-id=\"e536328\" data-element_type=\"widget\" data-e-type=\"widget\" data-widget_type=\"transflash_elementor_network.default\">\n\t\t\t\t<div class=\"elementor-widget-container\">\n\t\t\t\t\t           \n            <div class=\"ova-network\">\n\t            \n\t            <ul class=\"country-list\">\n\t\t            \t            \t\t<li class=\"country\">\n\t            \t\t\tDanimarka\t            \t\t<\/li>\t\n\t\t            \t            \t\t<li class=\"country\">\n\t            \t\t\tEstonya\t            \t\t<\/li>\t\n\t\t            \t            \t\t<li class=\"country\">\n\t            \t\t\tFinlandiya\t            \t\t<\/li>\t\n\t\t            \t            \t\t<li class=\"country\">\n\t            \t\t\tFransa\t            \t\t<\/li>\t\n\t\t            \t            \t\t<li class=\"country\">\n\t            \t\t\tH\u0131rvatistan\t            \t\t<\/li>\t\n\t\t            \t            \t\t<li class=\"country\">\n\t            \t\t\tHollanda\t            \t\t<\/li>\t\n\t\t            \t            \t\t<li class=\"country\">\n\t            \t\t\t\u0130rlanda\t            \t\t<\/li>\t\n\t\t            \t            \t\t<li class=\"country\">\n\t            \t\t\t\u0130spanya\t            \t\t<\/li>\t\n\t\t            \t            \t\t<li class=\"country\">\n\t            \t\t\t\u0130sve\u00e7\t            \t\t<\/li>\t\n\t\t            \t            \t\t<li class=\"country\">\n\t            \t\t\t\u0130svi\u00e7re\t            \t\t<\/li>\t\n\t\t            \t            \t\t<li class=\"country\">\n\t            \t\t\tK\u0131rg\u0131siztan\t            \t\t<\/li>\t\n\t\t            \t            \t\t<li class=\"country\">\n\t            \t\t\t\u00d6zbekistan\t            \t\t<\/li>\t\n\t\t            \t            \t\t<li class=\"country\">\n\t            \t\t\tTacikistan\t            \t\t<\/li>\t\n\t\t            \t            \t\t<li class=\"country\">\n\t            \t\t\tT\u00fcrkmenistan\t            \t\t<\/li>\t\n\t\t            \t            \t\t<li class=\"country\">\n\t            \t\t\tAustralia\t            \t\t<\/li>\t\n\t\t            \t            <\/ul>\n\n            <\/div>\n\t\t \t\n\t\t\t\t\t\t<\/div>\n\t\t\t\t<\/div>\n\t\t\t\t\t<\/div>\n\t\t<\/div>\n\t\t\t\t<div class=\"elementor-column elementor-col-25 elementor-top-column elementor-element elementor-element-d5a32c8\" data-id=\"d5a32c8\" data-element_type=\"column\" data-e-type=\"column\">\n\t\t\t<div class=\"elementor-widget-wrap elementor-element-populated\">\n\t\t\t\t\t\t<div class=\"elementor-element elementor-element-f1b20ed elementor-widget elementor-widget-transflash_elementor_network\" data-id=\"f1b20ed\" data-element_type=\"widget\" data-e-type=\"widget\" data-widget_type=\"transflash_elementor_network.default\">\n\t\t\t\t<div class=\"elementor-widget-container\">\n\t\t\t\t\t           \n            <div class=\"ova-network\">\n\t            \n\t            <ul class=\"country-list\">\n\t\t            \t            \t\t<li class=\"country\">\n\t            \t\t\t\u0130talya\t            \t\t<\/li>\t\n\t\t            \t            \t\t<li class=\"country\">\n\t            \t\t\t\u0130zlanda\t            \t\t<\/li>\t\n\t\t            \t            \t\t<li class=\"country\">\n\t            \t\t\tKarada\u011f\t            \t\t<\/li>\t\n\t\t            \t            \t\t<li class=\"country\">\n\t            \t\t\tKosova\t            \t\t<\/li>\t\n\t\t            \t            \t\t<li class=\"country\">\n\t            \t\t\tMakedonya\t            \t\t<\/li>\t\n\t\t            \t            \t\t<li class=\"country\">\n\t            \t\t\tAvustralya\t            \t\t<\/li>\t\n\t\t            \t            \t\t<li class=\"country\">\n\t            \t\t\t\u00c7in Halk Cumhuriyeti\t            \t\t<\/li>\t\n\t\t            \t            \t\t<li class=\"country\">\n\t            \t\t\tJaponya\t            \t\t<\/li>\t\n\t\t            \t            \t\t<li class=\"country\">\n\t            \t\t\tTayvan\t            \t\t<\/li>\t\n\t\t            \t            \t\t<li class=\"country\">\n\t            \t\t\tAmerika Birle\u015fik Devletleri\t            \t\t<\/li>\t\n\t\t            \t            \t\t<li class=\"country\">\n\t            \t\t\tKatar\t            \t\t<\/li>\t\n\t\t            \t            \t\t<li class=\"country\">\n\t            \t\t\tSuriye\t            \t\t<\/li>\t\n\t\t            \t            \t\t<li class=\"country\">\n\t            \t\t\tKuzey K\u0131br\u0131s T.C\t            \t\t<\/li>\t\n\t\t            \t            \t\t<li class=\"country\">\n\t            \t\t\tSuudi Arabistan\t            \t\t<\/li>\t\n\t\t            \t            \t\t<li class=\"country\">\n\t            \t\t\t\u00dcrd\u00fcn\t            \t\t<\/li>\t\n\t\t            \t            <\/ul>\n\n            <\/div>\n\t\t \t\n\t\t\t\t\t\t<\/div>\n\t\t\t\t<\/div>\n\t\t\t\t\t<\/div>\n\t\t<\/div>\n\t\t\t\t<div class=\"elementor-column elementor-col-25 elementor-top-column elementor-element elementor-element-dc18491\" data-id=\"dc18491\" data-element_type=\"column\" data-e-type=\"column\">\n\t\t\t<div class=\"elementor-widget-wrap elementor-element-populated\">\n\t\t\t\t\t\t<div class=\"elementor-element elementor-element-bc951fc elementor-widget elementor-widget-transflash_elementor_network\" data-id=\"bc951fc\" data-element_type=\"widget\" data-e-type=\"widget\" data-widget_type=\"transflash_elementor_network.default\">\n\t\t\t\t<div class=\"elementor-widget-container\">\n\t\t\t\t\t           \n            <div class=\"ova-network\">\n\t            \n\t            <ul class=\"country-list\">\n\t\t            \t            \t\t<li class=\"country\">\n\t            \t\t\tCezayir\t            \t\t<\/li>\t\n\t\t            \t            \t\t<li class=\"country\">\n\t            \t\t\tBenin\t            \t\t<\/li>\t\n\t\t            \t            \t\t<li class=\"country\">\n\t            \t\t\tBrundi\t            \t\t<\/li>\t\n\t\t            \t            \t\t<li class=\"country\">\n\t            \t\t\tCibuti\t            \t\t<\/li>\t\n\t\t            \t            \t\t<li class=\"country\">\n\t            \t\t\t\u00c7ad\t            \t\t<\/li>\t\n\t\t            \t            \t\t<li class=\"country\">\n\t            \t\t\tFas\t            \t\t<\/li>\t\n\t\t            \t            \t\t<li class=\"country\">\n\t            \t\t\tEtiyopya\t            \t\t<\/li>\t\n\t\t            \t            \t\t<li class=\"country\">\n\t            \t\t\tGine\t            \t\t<\/li>\t\n\t\t            \t            \t\t<li class=\"country\">\n\t            \t\t\tKenya\t            \t\t<\/li>\t\n\t\t            \t            \t\t<li class=\"country\">\n\t            \t\t\tM\u0131s\u0131r\t            \t\t<\/li>\t\n\t\t            \t            \t\t<li class=\"country\">\n\t            \t\t\tBirle\u015fik Arap Emirlikleri\t            \t\t<\/li>\t\n\t\t            \t            \t\t<li class=\"country\">\n\t            \t\t\tFilistin\t            \t\t<\/li>\t\n\t\t            \t            \t\t<li class=\"country\">\n\t            \t\t\tIrak \t            \t\t<\/li>\t\n\t\t            \t            \t\t<li class=\"country\">\n\t            \t\t\t\u0130ran\t            \t\t<\/li>\t\n\t\t            \t            \t\t<li class=\"country\">\n\t            \t\t\t\u0130srail\t            \t\t<\/li>\t\n\t\t            \t            <\/ul>\n\n            <\/div>\n\t\t \t\n\t\t\t\t\t\t<\/div>\n\t\t\t\t<\/div>\n\t\t\t\t\t<\/div>\n\t\t<\/div>\n\t\t\t\t\t<\/div>\n\t\t<\/section>\n\t\t\t\t<\/div>\n\t\t","protected":false},"excerpt":{"rendered":"<p>Countries we work in Almanya Arnavutluk Avusturya Bel\u00e7ika Belarus Birle\u015fik Krall\u0131k Bosna Hersek Bulgaristan Australia \u00c7ekya Azarbeycan G\u00fcrcistan Kazakistan Bahreyn Australia Danimarka Estonya Finlandiya Fransa H\u0131rvatistan Hollanda \u0130rlanda \u0130spanya \u0130sve\u00e7 \u0130svi\u00e7re K\u0131rg\u0131siztan \u00d6zbekistan Tacikistan T\u00fcrkmenistan Australia \u0130talya \u0130zlanda Karada\u011f Kosova Makedonya Avustralya \u00c7in Halk Cumhuriyeti Japonya Tayvan Amerika Birle\u015fik Devletleri Katar Suriye Kuzey K\u0131br\u0131s T.C [&hellip;]<\/p>\n","protected":false},"author":1,"featured_media":1574,"parent":0,"menu_order":0,"comment_status":"closed","ping_status":"closed","template":"elementor_header_footer","meta":{"footnotes":""},"class_list":["post-1573","page","type-page","status-publish","has-post-thumbnail","hentry"],"yoast_head":"<!-- This site is optimized with the Yoast SEO plugin v27.4 - https:\/\/yoast.com\/product\/yoast-seo-wordpress\/ -->\n<title>Countries we work in - FCA TRANSPORTATION<\/title>\n<meta name=\"robots\" content=\"index, follow, max-snippet:-1, max-image-preview:large, max-video-preview:-1\" \/>\n<link rel=\"canonical\" href=\"https:\/\/fcatasimacilik.com\/en\/calistigimizulkeler\/\" \/>\n<meta property=\"og:locale\" content=\"tr_TR\" \/>\n<meta property=\"og:type\" content=\"article\" \/>\n<meta property=\"og:title\" content=\"Countries we work in - FCA TRANSPORTATION\" \/>\n<meta property=\"og:description\" content=\"Countries we work in Almanya Arnavutluk Avusturya Bel\u00e7ika Belarus Birle\u015fik Krall\u0131k Bosna Hersek Bulgaristan Australia \u00c7ekya Azarbeycan G\u00fcrcistan Kazakistan Bahreyn Australia Danimarka Estonya Finlandiya Fransa H\u0131rvatistan Hollanda \u0130rlanda \u0130spanya \u0130sve\u00e7 \u0130svi\u00e7re K\u0131rg\u0131siztan \u00d6zbekistan Tacikistan T\u00fcrkmenistan Australia \u0130talya \u0130zlanda Karada\u011f Kosova Makedonya Avustralya \u00c7in Halk Cumhuriyeti Japonya Tayvan Amerika Birle\u015fik Devletleri Katar Suriye Kuzey K\u0131br\u0131s T.C [&hellip;]\" \/>\n<meta property=\"og:url\" content=\"https:\/\/fcatasimacilik.com\/en\/calistigimizulkeler\/\" \/>\n<meta property=\"og:site_name\" content=\"FCA TRANSPORTATION\" \/>\n<meta property=\"article:modified_time\" content=\"2025-02-21T10:17:00+00:00\" \/>\n<meta name=\"twitter:card\" content=\"summary_large_image\" \/>\n<meta name=\"twitter:label1\" content=\"Tahmini okuma s\u00fcresi\" \/>\n\t<meta name=\"twitter:data1\" content=\"1 dakika\" \/>\n<script type=\"application\/ld+json\" class=\"yoast-schema-graph\">{\"@context\":\"https:\\\/\\\/schema.org\",\"@graph\":[{\"@type\":\"WebPage\",\"@id\":\"https:\\\/\\\/fcatasimacilik.com\\\/en\\\/calistigimizulkeler\\\/\",\"url\":\"https:\\\/\\\/fcatasimacilik.com\\\/en\\\/calistigimizulkeler\\\/\",\"name\":\"Countries we work in - FCA TRANSPORTATION\",\"isPartOf\":{\"@id\":\"https:\\\/\\\/fcatasimacilik.com\\\/en\\\/#website\"},\"primaryImageOfPage\":{\"@id\":\"https:\\\/\\\/fcatasimacilik.com\\\/en\\\/calistigimizulkeler\\\/#primaryimage\"},\"image\":{\"@id\":\"https:\\\/\\\/fcatasimacilik.com\\\/en\\\/calistigimizulkeler\\\/#primaryimage\"},\"thumbnailUrl\":\"\",\"datePublished\":\"2021-12-04T01:42:07+00:00\",\"dateModified\":\"2025-02-21T10:17:00+00:00\",\"breadcrumb\":{\"@id\":\"https:\\\/\\\/fcatasimacilik.com\\\/en\\\/calistigimizulkeler\\\/#breadcrumb\"},\"inLanguage\":\"tr\",\"potentialAction\":[{\"@type\":\"ReadAction\",\"target\":[\"https:\\\/\\\/fcatasimacilik.com\\\/en\\\/calistigimizulkeler\\\/\"]}]},{\"@type\":\"ImageObject\",\"inLanguage\":\"tr\",\"@id\":\"https:\\\/\\\/fcatasimacilik.com\\\/en\\\/calistigimizulkeler\\\/#primaryimage\",\"url\":\"\",\"contentUrl\":\"\"},{\"@type\":\"BreadcrumbList\",\"@id\":\"https:\\\/\\\/fcatasimacilik.com\\\/en\\\/calistigimizulkeler\\\/#breadcrumb\",\"itemListElement\":[{\"@type\":\"ListItem\",\"position\":1,\"name\":\"Anasayfa\",\"item\":\"https:\\\/\\\/fcatasimacilik.com\\\/en\\\/\"},{\"@type\":\"ListItem\",\"position\":2,\"name\":\"Countries we work in\"}]},{\"@type\":\"WebSite\",\"@id\":\"https:\\\/\\\/fcatasimacilik.com\\\/en\\\/#website\",\"url\":\"https:\\\/\\\/fcatasimacilik.com\\\/en\\\/\",\"name\":\"FCA TRANSPORTATION\",\"description\":\"\",\"potentialAction\":[{\"@type\":\"SearchAction\",\"target\":{\"@type\":\"EntryPoint\",\"urlTemplate\":\"https:\\\/\\\/fcatasimacilik.com\\\/en\\\/?s={search_term_string}\"},\"query-input\":{\"@type\":\"PropertyValueSpecification\",\"valueRequired\":true,\"valueName\":\"search_term_string\"}}],\"inLanguage\":\"tr\"}]}<\/script>\n<!-- \/ Yoast SEO plugin. -->","yoast_head_json":{"title":"Countries we work in - FCA TRANSPORTATION","robots":{"index":"index","follow":"follow","max-snippet":"max-snippet:-1","max-image-preview":"max-image-preview:large","max-video-preview":"max-video-preview:-1"},"canonical":"https:\/\/fcatasimacilik.com\/en\/calistigimizulkeler\/","og_locale":"tr_TR","og_type":"article","og_title":"Countries we work in - FCA TRANSPORTATION","og_description":"Countries we work in Almanya Arnavutluk Avusturya Bel\u00e7ika Belarus Birle\u015fik Krall\u0131k Bosna Hersek Bulgaristan Australia \u00c7ekya Azarbeycan G\u00fcrcistan Kazakistan Bahreyn Australia Danimarka Estonya Finlandiya Fransa H\u0131rvatistan Hollanda \u0130rlanda \u0130spanya \u0130sve\u00e7 \u0130svi\u00e7re K\u0131rg\u0131siztan \u00d6zbekistan Tacikistan T\u00fcrkmenistan Australia \u0130talya \u0130zlanda Karada\u011f Kosova Makedonya Avustralya \u00c7in Halk Cumhuriyeti Japonya Tayvan Amerika Birle\u015fik Devletleri Katar Suriye Kuzey K\u0131br\u0131s T.C [&hellip;]","og_url":"https:\/\/fcatasimacilik.com\/en\/calistigimizulkeler\/","og_site_name":"FCA TRANSPORTATION","article_modified_time":"2025-02-21T10:17:00+00:00","twitter_card":"summary_large_image","twitter_misc":{"Tahmini okuma s\u00fcresi":"1 dakika"},"schema":{"@context":"https:\/\/schema.org","@graph":[{"@type":"WebPage","@id":"https:\/\/fcatasimacilik.com\/en\/calistigimizulkeler\/","url":"https:\/\/fcatasimacilik.com\/en\/calistigimizulkeler\/","name":"Countries we work in - FCA TRANSPORTATION","isPartOf":{"@id":"https:\/\/fcatasimacilik.com\/en\/#website"},"primaryImageOfPage":{"@id":"https:\/\/fcatasimacilik.com\/en\/calistigimizulkeler\/#primaryimage"},"image":{"@id":"https:\/\/fcatasimacilik.com\/en\/calistigimizulkeler\/#primaryimage"},"thumbnailUrl":"","datePublished":"2021-12-04T01:42:07+00:00","dateModified":"2025-02-21T10:17:00+00:00","breadcrumb":{"@id":"https:\/\/fcatasimacilik.com\/en\/calistigimizulkeler\/#breadcrumb"},"inLanguage":"tr","potentialAction":[{"@type":"ReadAction","target":["https:\/\/fcatasimacilik.com\/en\/calistigimizulkeler\/"]}]},{"@type":"ImageObject","inLanguage":"tr","@id":"https:\/\/fcatasimacilik.com\/en\/calistigimizulkeler\/#primaryimage","url":"","contentUrl":""},{"@type":"BreadcrumbList","@id":"https:\/\/fcatasimacilik.com\/en\/calistigimizulkeler\/#breadcrumb","itemListElement":[{"@type":"ListItem","position":1,"name":"Anasayfa","item":"https:\/\/fcatasimacilik.com\/en\/"},{"@type":"ListItem","position":2,"name":"Countries we work in"}]},{"@type":"WebSite","@id":"https:\/\/fcatasimacilik.com\/en\/#website","url":"https:\/\/fcatasimacilik.com\/en\/","name":"FCA TRANSPORTATION","description":"","potentialAction":[{"@type":"SearchAction","target":{"@type":"EntryPoint","urlTemplate":"https:\/\/fcatasimacilik.com\/en\/?s={search_term_string}"},"query-input":{"@type":"PropertyValueSpecification","valueRequired":true,"valueName":"search_term_string"}}],"inLanguage":"tr"}]}},"_links":{"self":[{"href":"https:\/\/fcatasimacilik.com\/en\/wp-json\/wp\/v2\/pages\/1573","targetHints":{"allow":["GET"]}}],"collection":[{"href":"https:\/\/fcatasimacilik.com\/en\/wp-json\/wp\/v2\/pages"}],"about":[{"href":"https:\/\/fcatasimacilik.com\/en\/wp-json\/wp\/v2\/types\/page"}],"author":[{"embeddable":true,"href":"https:\/\/fcatasimacilik.com\/en\/wp-json\/wp\/v2\/users\/1"}],"replies":[{"embeddable":true,"href":"https:\/\/fcatasimacilik.com\/en\/wp-json\/wp\/v2\/comments?post=1573"}],"version-history":[{"count":4,"href":"https:\/\/fcatasimacilik.com\/en\/wp-json\/wp\/v2\/pages\/1573\/revisions"}],"predecessor-version":[{"id":5047,"href":"https:\/\/fcatasimacilik.com\/en\/wp-json\/wp\/v2\/pages\/1573\/revisions\/5047"}],"wp:featuredmedia":[{"embeddable":true,"href":"https:\/\/fcatasimacilik.com\/en\/wp-json\/"}],"wp:attachment":[{"href":"https:\/\/fcatasimacilik.com\/en\/wp-json\/wp\/v2\/media?parent=1573"}],"curies":[{"name":"wp","href":"https:\/\/api.w.org\/{rel}","templated":true}]}}