{"id":900,"date":"2021-12-02T01:50:06","date_gmt":"2021-12-02T01:50:06","guid":{"rendered":"https:\/\/fcatasimacilik.com\/?page_id=900"},"modified":"2025-02-21T13:04:22","modified_gmt":"2025-02-21T10:04:22","slug":"iletisim","status":"publish","type":"page","link":"https:\/\/fcatasimacilik.com\/en\/iletisim\/","title":{"rendered":"\u0130leti\u015fim"},"content":{"rendered":"\t\t<div data-elementor-type=\"wp-page\" data-elementor-id=\"900\" class=\"elementor elementor-900\">\n\t\t\t\t\t\t<section class=\"elementor-section elementor-top-section elementor-element elementor-element-749e99d elementor-section-boxed elementor-section-height-default elementor-section-height-default\" data-id=\"749e99d\" data-element_type=\"section\" data-e-type=\"section\" data-settings=\"{&quot;background_background&quot;:&quot;classic&quot;}\">\n\t\t\t\t\t\t<div class=\"elementor-container elementor-column-gap-default\">\n\t\t\t\t\t<div class=\"elementor-column elementor-col-100 elementor-top-column elementor-element elementor-element-06d675c\" data-id=\"06d675c\" data-element_type=\"column\" data-e-type=\"column\">\n\t\t\t<div class=\"elementor-widget-wrap elementor-element-populated\">\n\t\t\t\t\t\t<div class=\"elementor-element elementor-element-414b937 elementor-widget elementor-widget-transflash_elementor_heading\" data-id=\"414b937\" data-element_type=\"widget\" data-e-type=\"widget\" data-widget_type=\"transflash_elementor_heading.default\">\n\t\t\t\t<div class=\"elementor-widget-container\">\n\t\t\t\t\t\n\t\t    <div class=\"ova-heading\">\n\t\t \t   <h2 class=\"title\">\t\t\t\t\t\t\t\t\t\t\tGet in touch with us\t\t\t\t\t\t\t\t\t<\/h2>\n\t\t\t\t\t\t\t\t\t<p class=\"description\">\n\t\t\t\t\t\t\tContact us for all your logistics needs and we will offer you the most suitable solution.\n\n\n\n\n\n\n\t\t\t\t\t<\/p>\n\t\t\t\t\t\t    <\/div>\n\n         \t\t\t\t<\/div>\n\t\t\t\t<\/div>\n\t\t\t\t<div class=\"elementor-element elementor-element-a865c1d elementor-widget elementor-widget-transflash_elementor_contact_info\" data-id=\"a865c1d\" data-element_type=\"widget\" data-e-type=\"widget\" data-widget_type=\"transflash_elementor_contact_info.default\">\n\t\t\t\t<div class=\"elementor-widget-container\">\n\t\t\t\t\t\t\t\t<div class=\"ova-contact-info \">\n\t\t\t\t\n\t\t\t\t\t\t\t\t\t<div class=\"icon\">\n\t\t\t\t\t\t<i aria-hidden=\"true\" class=\"iconly iconly-Calling icli\"><\/i>\t\t\t\t\t<\/div>\t\n\t\t\t\t\t\t\t\t\n\n\t\t\t\t<div class=\"contact\">\n\t\t\t\t\t\n\t\t\t\t\t\t\t\t\t\t\t<div class=\"label\">\n\t\t\t\t\t\t\tTelephone Number\t\t\t\t\t\t<\/div>\n\t\t\t\t\t\n\t\t\t\t\t\t\t\t\t\t\t<ul class=\"info\">\n\t\t\t\t\t\t\t\n\t\t\t\t\t\t\t\t\t<li class=\"item\">\n\n\t\t\t\t\t\t\t\t\t\t\t\t\t\t\t\t\t\t\t\t\t\t\t<a href=\"tel:+902126727041 \">\n\t\t\t\t\t\t\t\t\t\t\t\t\t\t(0212) 672 70 41\t\t\t\t\t\t\t\t\t\t\t\t\t<\/a>\n\t\t\t\t\t\t\t\t\t\t\t\t\t\t\t\t\t\t\t\t\t<\/li>\n\t\t\t\t\t\t\t\t\n\t\t\t\t\t\t\t\t\t\t\t\t\t<\/ul>\n\t\t\t\t\t\n\t\t\t\t<\/div>\n\n\t\t\t<\/div>\n\n\t\t\t\t\t\t<\/div>\n\t\t\t\t<\/div>\n\t\t\t\t<div class=\"elementor-element elementor-element-cf0f5a4 elementor-widget elementor-widget-transflash_elementor_contact_info\" data-id=\"cf0f5a4\" data-element_type=\"widget\" data-e-type=\"widget\" data-widget_type=\"transflash_elementor_contact_info.default\">\n\t\t\t\t<div class=\"elementor-widget-container\">\n\t\t\t\t\t\t\t\t<div class=\"ova-contact-info \">\n\t\t\t\t\n\t\t\t\t\t\t\t\t\t<div class=\"icon\">\n\t\t\t\t\t\t<i aria-hidden=\"true\" class=\"iconly iconly-Message icli\"><\/i>\t\t\t\t\t<\/div>\t\n\t\t\t\t\t\t\t\t\n\n\t\t\t\t<div class=\"contact\">\n\t\t\t\t\t\n\t\t\t\t\t\t\t\t\t\t\t<div class=\"label\">\n\t\t\t\t\t\t\tEmail\t\t\t\t\t\t<\/div>\n\t\t\t\t\t\n\t\t\t\t\t\t\t\t\t\t\t<ul class=\"info\">\n\t\t\t\t\t\t\t\n\t\t\t\t\t\t\t\t\t<li class=\"item\">\n\n\t\t\t\t\t\t\t\t\t\t\t\t\t\t\t\t\t\t\t\t\t\t\t<a href=\"mailto:info@fcatasimacilik.com \">\n\t\t\t\t\t\t\t\t\t\t\t\t\t\tinfo@fcatasimacilik.com\t\t\t\t\t\t\t\t\t\t\t\t\t<\/a>\n\t\t\t\t\t\t\t\t\t\t\t\t\t\t\t\t\t\t\t\t\t<\/li>\n\t\t\t\t\t\t\t\t\n\t\t\t\t\t\t\t\t\t\t\t\t\t<\/ul>\n\t\t\t\t\t\n\t\t\t\t<\/div>\n\n\t\t\t<\/div>\n\n\t\t\t\t\t\t<\/div>\n\t\t\t\t<\/div>\n\t\t\t\t<div class=\"elementor-element elementor-element-19c87ef elementor-widget elementor-widget-transflash_elementor_contact_info\" data-id=\"19c87ef\" data-element_type=\"widget\" data-e-type=\"widget\" data-widget_type=\"transflash_elementor_contact_info.default\">\n\t\t\t\t<div class=\"elementor-widget-container\">\n\t\t\t\t\t\t\t\t<div class=\"ova-contact-info \">\n\t\t\t\t\n\t\t\t\t\t\t\t\t\t<div class=\"icon\">\n\t\t\t\t\t\t<i aria-hidden=\"true\" class=\"iconly iconly-Message icli\"><\/i>\t\t\t\t\t<\/div>\t\n\t\t\t\t\t\t\t\t\n\n\t\t\t\t<div class=\"contact\">\n\t\t\t\t\t\n\t\t\t\t\t\t\t\t\t\t\t<div class=\"label\">\n\t\t\t\t\t\t\tAddress\t\t\t\t\t\t<\/div>\n\t\t\t\t\t\n\t\t\t\t\t\t\t\t\t\t\t<ul class=\"info\">\n\t\t\t\t\t\t\t\n\t\t\t\t\t\t\t\t\t<li class=\"item\">\n\n\t\t\t\t\t\t\t\t\t\t<a href=\"https:\/\/www.google.com\/maps\/place\/FCA+TA%C5%9EIMACILIK+H%C4%B0ZMETLER%C4%B0\/@41.0807262,29.0069543,17z\/data=!4m6!3m5!1s0x14caa314b784dd3b:0xc65db69b3b09c03e!8m2!3d41.0807222!4d29.0095292!16s%2Fg%2F11t_gznvcp?entry=ttu&#038;g_ep=EgoyMDI0MDgyMS4wIKXMDSoASAFQAw%3D%3D\">Esentepe Mah. B\u00fcy\u00fckdere Caddesi No:201 Loft Residence Daire:6, 34394, 34360 \u015ei\u015fli\/\u0130stanbul<\/a>\t\t\t\t\t\t\t\t\t<\/li>\n\t\t\t\t\t\t\t\t\n\t\t\t\t\t\t\t\t\t\t\t\t\t<\/ul>\n\t\t\t\t\t\n\t\t\t\t<\/div>\n\n\t\t\t<\/div>\n\n\t\t\t\t\t\t<\/div>\n\t\t\t\t<\/div>\n\t\t\t\t\t<\/div>\n\t\t<\/div>\n\t\t\t\t\t<\/div>\n\t\t<\/section>\n\t\t\t\t<section class=\"elementor-section elementor-top-section elementor-element elementor-element-251e465 elementor-section-full_width elementor-section-height-default elementor-section-height-default\" data-id=\"251e465\" data-element_type=\"section\" data-e-type=\"section\">\n\t\t\t\t\t\t<div class=\"elementor-container elementor-column-gap-no\">\n\t\t\t\t\t<div class=\"elementor-column elementor-col-100 elementor-top-column elementor-element elementor-element-b33579a\" data-id=\"b33579a\" data-element_type=\"column\" data-e-type=\"column\">\n\t\t\t<div class=\"elementor-widget-wrap elementor-element-populated\">\n\t\t\t\t\t\t<div class=\"elementor-element elementor-element-d06f088 elementor-widget elementor-widget-google_maps\" data-id=\"d06f088\" data-element_type=\"widget\" data-e-type=\"widget\" data-widget_type=\"google_maps.default\">\n\t\t\t\t<div class=\"elementor-widget-container\">\n\t\t\t\t\t\t\t<div class=\"elementor-custom-embed\">\n\t\t\t<iframe\n\t\t\t\t\tdata-src=\"https:\/\/maps.google.com\/maps?q=FCA%20TA%C5%9EIMACILIK%20&#038;t=m&#038;z=14&#038;output=embed&#038;iwloc=near\"\n\t\t\t\t\ttitle=\"FCA TA\u015eIMACILIK \"\n\t\t\t\t\taria-label=\"FCA TA\u015eIMACILIK \"\n\t\t\t src=\"data:image\/svg+xml;base64,PHN2ZyB3aWR0aD0iMSIgaGVpZ2h0PSIxIiB4bWxucz0iaHR0cDovL3d3dy53My5vcmcvMjAwMC9zdmciPjwvc3ZnPg==\" class=\"lazyload\" data-load-mode=\"1\"><\/iframe>\n\t\t<\/div>\n\t\t\t\t\t\t<\/div>\n\t\t\t\t<\/div>\n\t\t\t\t\t<\/div>\n\t\t<\/div>\n\t\t\t\t\t<\/div>\n\t\t<\/section>\n\t\t\t\t<\/div>\n\t\t","protected":false},"excerpt":{"rendered":"<p>Get in touch with us Contact us for all your logistics needs and we will offer you the most suitable solution. Telephone Number (0212) 672 70 41 Email info@fcatasimacilik.com Address Esentepe Mah. B\u00fcy\u00fckdere Caddesi No:201 Loft Residence Daire:6, 34394, 34360 \u015ei\u015fli\/\u0130stanbul<\/p>\n","protected":false},"author":1,"featured_media":1453,"parent":0,"menu_order":0,"comment_status":"closed","ping_status":"closed","template":"elementor_header_footer","meta":{"footnotes":""},"class_list":["post-900","page","type-page","status-publish","has-post-thumbnail","hentry"],"yoast_head":"<!-- This site is optimized with the Yoast SEO plugin v27.4 - https:\/\/yoast.com\/product\/yoast-seo-wordpress\/ -->\n<title>\u0130leti\u015fim - FCA TRANSPORTATION<\/title>\n<meta name=\"robots\" content=\"index, follow, max-snippet:-1, max-image-preview:large, max-video-preview:-1\" \/>\n<link rel=\"canonical\" href=\"https:\/\/fcatasimacilik.com\/en\/iletisim\/\" \/>\n<meta property=\"og:locale\" content=\"tr_TR\" \/>\n<meta property=\"og:type\" content=\"article\" \/>\n<meta property=\"og:title\" content=\"\u0130leti\u015fim - FCA TRANSPORTATION\" \/>\n<meta property=\"og:description\" content=\"Get in touch with us Contact us for all your logistics needs and we will offer you the most suitable solution. Telephone Number (0212) 672 70 41 Email info@fcatasimacilik.com Address Esentepe Mah. B\u00fcy\u00fckdere Caddesi No:201 Loft Residence Daire:6, 34394, 34360 \u015ei\u015fli\/\u0130stanbul\" \/>\n<meta property=\"og:url\" content=\"https:\/\/fcatasimacilik.com\/en\/iletisim\/\" \/>\n<meta property=\"og:site_name\" content=\"FCA TRANSPORTATION\" \/>\n<meta property=\"article:modified_time\" content=\"2025-02-21T10:04:22+00:00\" \/>\n<meta name=\"twitter:card\" content=\"summary_large_image\" \/>\n<meta name=\"twitter:label1\" content=\"Tahmini okuma s\u00fcresi\" \/>\n\t<meta name=\"twitter:data1\" content=\"1 dakika\" \/>\n<script type=\"application\/ld+json\" class=\"yoast-schema-graph\">{\"@context\":\"https:\\\/\\\/schema.org\",\"@graph\":[{\"@type\":\"WebPage\",\"@id\":\"https:\\\/\\\/fcatasimacilik.com\\\/en\\\/iletisim\\\/\",\"url\":\"https:\\\/\\\/fcatasimacilik.com\\\/en\\\/iletisim\\\/\",\"name\":\"\u0130leti\u015fim - FCA TRANSPORTATION\",\"isPartOf\":{\"@id\":\"https:\\\/\\\/fcatasimacilik.com\\\/en\\\/#website\"},\"primaryImageOfPage\":{\"@id\":\"https:\\\/\\\/fcatasimacilik.com\\\/en\\\/iletisim\\\/#primaryimage\"},\"image\":{\"@id\":\"https:\\\/\\\/fcatasimacilik.com\\\/en\\\/iletisim\\\/#primaryimage\"},\"thumbnailUrl\":\"\",\"datePublished\":\"2021-12-02T01:50:06+00:00\",\"dateModified\":\"2025-02-21T10:04:22+00:00\",\"breadcrumb\":{\"@id\":\"https:\\\/\\\/fcatasimacilik.com\\\/en\\\/iletisim\\\/#breadcrumb\"},\"inLanguage\":\"tr\",\"potentialAction\":[{\"@type\":\"ReadAction\",\"target\":[\"https:\\\/\\\/fcatasimacilik.com\\\/en\\\/iletisim\\\/\"]}]},{\"@type\":\"ImageObject\",\"inLanguage\":\"tr\",\"@id\":\"https:\\\/\\\/fcatasimacilik.com\\\/en\\\/iletisim\\\/#primaryimage\",\"url\":\"\",\"contentUrl\":\"\"},{\"@type\":\"BreadcrumbList\",\"@id\":\"https:\\\/\\\/fcatasimacilik.com\\\/en\\\/iletisim\\\/#breadcrumb\",\"itemListElement\":[{\"@type\":\"ListItem\",\"position\":1,\"name\":\"Anasayfa\",\"item\":\"https:\\\/\\\/fcatasimacilik.com\\\/en\\\/\"},{\"@type\":\"ListItem\",\"position\":2,\"name\":\"\u0130leti\u015fim\"}]},{\"@type\":\"WebSite\",\"@id\":\"https:\\\/\\\/fcatasimacilik.com\\\/en\\\/#website\",\"url\":\"https:\\\/\\\/fcatasimacilik.com\\\/en\\\/\",\"name\":\"FCA TRANSPORTATION\",\"description\":\"\",\"potentialAction\":[{\"@type\":\"SearchAction\",\"target\":{\"@type\":\"EntryPoint\",\"urlTemplate\":\"https:\\\/\\\/fcatasimacilik.com\\\/en\\\/?s={search_term_string}\"},\"query-input\":{\"@type\":\"PropertyValueSpecification\",\"valueRequired\":true,\"valueName\":\"search_term_string\"}}],\"inLanguage\":\"tr\"}]}<\/script>\n<!-- \/ Yoast SEO plugin. -->","yoast_head_json":{"title":"\u0130leti\u015fim - FCA TRANSPORTATION","robots":{"index":"index","follow":"follow","max-snippet":"max-snippet:-1","max-image-preview":"max-image-preview:large","max-video-preview":"max-video-preview:-1"},"canonical":"https:\/\/fcatasimacilik.com\/en\/iletisim\/","og_locale":"tr_TR","og_type":"article","og_title":"\u0130leti\u015fim - FCA TRANSPORTATION","og_description":"Get in touch with us Contact us for all your logistics needs and we will offer you the most suitable solution. Telephone Number (0212) 672 70 41 Email info@fcatasimacilik.com Address Esentepe Mah. B\u00fcy\u00fckdere Caddesi No:201 Loft Residence Daire:6, 34394, 34360 \u015ei\u015fli\/\u0130stanbul","og_url":"https:\/\/fcatasimacilik.com\/en\/iletisim\/","og_site_name":"FCA TRANSPORTATION","article_modified_time":"2025-02-21T10:04:22+00:00","twitter_card":"summary_large_image","twitter_misc":{"Tahmini okuma s\u00fcresi":"1 dakika"},"schema":{"@context":"https:\/\/schema.org","@graph":[{"@type":"WebPage","@id":"https:\/\/fcatasimacilik.com\/en\/iletisim\/","url":"https:\/\/fcatasimacilik.com\/en\/iletisim\/","name":"\u0130leti\u015fim - FCA TRANSPORTATION","isPartOf":{"@id":"https:\/\/fcatasimacilik.com\/en\/#website"},"primaryImageOfPage":{"@id":"https:\/\/fcatasimacilik.com\/en\/iletisim\/#primaryimage"},"image":{"@id":"https:\/\/fcatasimacilik.com\/en\/iletisim\/#primaryimage"},"thumbnailUrl":"","datePublished":"2021-12-02T01:50:06+00:00","dateModified":"2025-02-21T10:04:22+00:00","breadcrumb":{"@id":"https:\/\/fcatasimacilik.com\/en\/iletisim\/#breadcrumb"},"inLanguage":"tr","potentialAction":[{"@type":"ReadAction","target":["https:\/\/fcatasimacilik.com\/en\/iletisim\/"]}]},{"@type":"ImageObject","inLanguage":"tr","@id":"https:\/\/fcatasimacilik.com\/en\/iletisim\/#primaryimage","url":"","contentUrl":""},{"@type":"BreadcrumbList","@id":"https:\/\/fcatasimacilik.com\/en\/iletisim\/#breadcrumb","itemListElement":[{"@type":"ListItem","position":1,"name":"Anasayfa","item":"https:\/\/fcatasimacilik.com\/en\/"},{"@type":"ListItem","position":2,"name":"\u0130leti\u015fim"}]},{"@type":"WebSite","@id":"https:\/\/fcatasimacilik.com\/en\/#website","url":"https:\/\/fcatasimacilik.com\/en\/","name":"FCA TRANSPORTATION","description":"","potentialAction":[{"@type":"SearchAction","target":{"@type":"EntryPoint","urlTemplate":"https:\/\/fcatasimacilik.com\/en\/?s={search_term_string}"},"query-input":{"@type":"PropertyValueSpecification","valueRequired":true,"valueName":"search_term_string"}}],"inLanguage":"tr"}]}},"_links":{"self":[{"href":"https:\/\/fcatasimacilik.com\/en\/wp-json\/wp\/v2\/pages\/900","targetHints":{"allow":["GET"]}}],"collection":[{"href":"https:\/\/fcatasimacilik.com\/en\/wp-json\/wp\/v2\/pages"}],"about":[{"href":"https:\/\/fcatasimacilik.com\/en\/wp-json\/wp\/v2\/types\/page"}],"author":[{"embeddable":true,"href":"https:\/\/fcatasimacilik.com\/en\/wp-json\/wp\/v2\/users\/1"}],"replies":[{"embeddable":true,"href":"https:\/\/fcatasimacilik.com\/en\/wp-json\/wp\/v2\/comments?post=900"}],"version-history":[{"count":3,"href":"https:\/\/fcatasimacilik.com\/en\/wp-json\/wp\/v2\/pages\/900\/revisions"}],"predecessor-version":[{"id":5029,"href":"https:\/\/fcatasimacilik.com\/en\/wp-json\/wp\/v2\/pages\/900\/revisions\/5029"}],"wp:featuredmedia":[{"embeddable":true,"href":"https:\/\/fcatasimacilik.com\/en\/wp-json\/"}],"wp:attachment":[{"href":"https:\/\/fcatasimacilik.com\/en\/wp-json\/wp\/v2\/media?parent=900"}],"curies":[{"name":"wp","href":"https:\/\/api.w.org\/{rel}","templated":true}]}}